{"id":38,"date":"2021-02-25T20:48:51","date_gmt":"2021-02-25T20:48:51","guid":{"rendered":"https:\/\/trucchithesims.com\/?page_id=38"},"modified":"2021-03-18T07:49:34","modified_gmt":"2021-03-18T07:49:34","slug":"privacy-policy","status":"publish","type":"page","link":"https:\/\/trucchithesims.com\/fi\/yksityisyyden-suojaa-koskeva-politiikka\/","title":{"rendered":"luottamuksellisuuspolitiikka"},"content":{"rendered":"<h2 class=\"wp-block-heading\">luottamuksellisuuspolitiikka<\/h2>\n\n\n\n<p><br>Osoitteessa <a href=\"https:\/\/trucchithesims.com\/fi\/\">https:\/\/trucchithesims.com\/<\/a> kunnioitamme yksityisyytt\u00e4si. Jotta ymm\u00e4rt\u00e4isit paremmin, miten k\u00e4sittelemme henkil\u00f6tietoja, olemme luoneet t\u00e4m\u00e4n sivun ja tehneet siit\u00e4 helposti saatavilla olevan koko sivustolla. Seuraavissa kohdissa selitet\u00e4\u00e4n, miten k\u00e4sittelemme henkil\u00f6tietoja.<\/p>\n\n\n\n<h2 class=\"wp-block-heading\">Mit\u00e4 tietoja tallennetaan?<\/h2>\n\n\n\n<p><br>The Sims Cheats tallentaa ainoastaan tietoja, joita k\u00e4ytet\u00e4\u00e4n k\u00e4ytt\u00e4j\u00e4tietojen seurantaan k\u00e4ytt\u00e4j\u00e4kokemuksen parantamiseksi. Seuraamme muun muassa sivulla vietetty\u00e4 aikaa, selainta, maata ja sit\u00e4, miten k\u00e4ytt\u00e4j\u00e4t liikkuvat sivustolla. Mit\u00e4\u00e4n n\u00e4ist\u00e4 tiedoista ei yhdistet\u00e4 sinuun henkil\u00f6kohtaisesti, vaan niit\u00e4 k\u00e4ytet\u00e4\u00e4n trendien ja yleisten tietojen n\u00e4ytt\u00e4miseen.<\/p>\n\n\n\n<h2 class=\"wp-block-heading\">Miten tallennamme tietoja?<\/h2>\n\n\n\n<p><br>Tiedot tallennetaan ja salataan k\u00e4ytt\u00e4en parhaita mahdollisia turvatoimia.<\/p>\n\n\n\n<h2 class=\"wp-block-heading\">L\u00e4ht\u00f6liit\u00e4nn\u00e4t<\/h2>\n\n\n\n<p><br>Linkit\u00e4mme vain hyv\u00e4maineisiin verkkosivustoihin. Kaikilla sivustoilla, joihin linkit\u00e4mme, on kuitenkin omat tietosuojak\u00e4yt\u00e4nt\u00f6ns\u00e4, jotka todenn\u00e4k\u00f6isesti eroavat t\u00e4st\u00e4. Emme ota vastuuta siit\u00e4, miten he k\u00e4sittelev\u00e4t tietojasi, ja suosittelemme, ett\u00e4 luet heid\u00e4n tietosuojak\u00e4yt\u00e4nt\u00f6ns\u00e4, jos et ole varma siit\u00e4, miten yksityisyytt\u00e4si k\u00e4sitell\u00e4\u00e4n heid\u00e4n sivustollaan.<\/p>\n\n\n\n<h2 class=\"wp-block-heading\">Cookie<\/h2>\n\n\n\n<p><br>K\u00e4yt\u00e4mme ev\u00e4steit\u00e4 tallentaaksemme v\u00e4limuistissa olevan version verkkosivustosta. T\u00e4m\u00e4 tarkoittaa, ett\u00e4 se latautuu nopeammin seuraavalla vierailullasi. Ev\u00e4ste on pieni tietomuoto selaimessasi. Paremman k\u00e4ytt\u00f6kokemuksen vuoksi suosittelemme ev\u00e4steiden s\u00e4ilytt\u00e4mist\u00e4 selaimessasi, mutta ne voidaan halutessasi helposti poistaa selaimesta.<\/p>\n\n\n\n<h2 class=\"wp-block-heading\">P\u00e4ivitykset<\/h2>\n\n\n\n<p><br>T\u00e4t\u00e4 tietosuojak\u00e4yt\u00e4nt\u00f6\u00e4 p\u00e4ivitettiin viimeksi helmikuussa 2021. Tietosuojak\u00e4yt\u00e4nt\u00f6mme p\u00e4ivitykset julkaistaan t\u00e4m\u00e4n sivun yl\u00e4osassa.<\/p>\n\n\n\n<h2 class=\"wp-block-heading\">Kysymykset<\/h2>\n\n\n\n<p><br>T\u00e4t\u00e4 tietosuojak\u00e4yt\u00e4nt\u00f6\u00e4 koskevat kysymykset voit l\u00e4hett\u00e4\u00e4 meille postilaatikkomme kautta, ja teemme parhaamme vastataksemme niihin.<\/p>\n\n\n\n<p>K\u00e4ytt\u00e4m\u00e4ll\u00e4 t\u00e4t\u00e4 verkkosivustoa hyv\u00e4ksyt edell\u00e4 kuvatut k\u00e4yt\u00e4nn\u00f6t.<\/p>\n\n\n\n<h2 class=\"wp-block-heading\"><strong>TUPLAKLIKKAUS TIKKAEV\u00c4STE<\/strong><\/h2>\n\n\n\n<p>Google k\u00e4ytt\u00e4\u00e4 kolmannen osapuolen palveluntarjoajana ev\u00e4steit\u00e4 mainosten tarjoamiseen osoitteessa https:\/\/trucchithesims.com\/.<\/p>\n\n\n\n<p>Googlen k\u00e4ytt\u00e4m\u00e4 DART-ev\u00e4ste mahdollistaa mainosten tarjoamisen k\u00e4ytt\u00e4jille heid\u00e4n vierailunsa perusteella osoitteessa https:\/\/trucchithesims.com\/ ja muilla sivustoilla Internetiss\u00e4.<\/p>\n\n\n\n<p>K\u00e4ytt\u00e4j\u00e4t voivat kielt\u00e4yty\u00e4 DART-ev\u00e4steen k\u00e4yt\u00f6st\u00e4 vierailemalla Googlen sis\u00e4lt\u00f6- ja mainosverkoston tietosuojak\u00e4yt\u00e4nn\u00f6ss\u00e4 seuraavassa URL-osoitteessa: http:\/\/www.google.com\/privacy_ads.html.<\/p>\n\n\n\n<p>Jotkin mainoskumppanimme saattavat k\u00e4ytt\u00e4\u00e4 sivustollamme ev\u00e4steit\u00e4 ja verkkomajakoita. Mainoskumppaneihimme kuuluu Google Adsense<\/p>\n\n\n\n<p>N\u00e4m\u00e4 kolmannen osapuolen mainospalvelimet tai mainosverkostot k\u00e4ytt\u00e4v\u00e4t teknologiaa mainoksia ja linkkej\u00e4 varten, jotka n\u00e4kyv\u00e4t osoitteessa https:\/\/trucchithesims.com\/ ja jotka l\u00e4hetet\u00e4\u00e4n suoraan selaimillesi. Ne saavat automaattisesti IP-osoitteesi, kun t\u00e4m\u00e4 tapahtuu. Kolmannen osapuolen mainosverkostot voivat k\u00e4ytt\u00e4\u00e4 my\u00f6s muita tekniikoita (kuten ev\u00e4steit\u00e4, JavaScripti\u00e4 tai verkkomajakoita) mainostensa tehokkuuden mittaamiseen ja\/tai n\u00e4ytett\u00e4v\u00e4n mainossis\u00e4ll\u00f6n personointiin.<\/p>\n\n\n\n<p>https:\/\/trucchithesims.com\/ ei voi k\u00e4ytt\u00e4\u00e4 tai valvoa n\u00e4it\u00e4 kolmannen osapuolen mainostajien k\u00e4ytt\u00e4mi\u00e4 ev\u00e4steit\u00e4.<\/p>\n\n\n\n<p>Sinun tulee tutustua n\u00e4iden kolmansien osapuolten mainospalvelimien tietosuojak\u00e4yt\u00e4nt\u00f6ihin saadaksesi tarkempia tietoja niiden k\u00e4yt\u00e4nn\u00f6ist\u00e4 ja ohjeita siit\u00e4, miten voit kielt\u00e4yty\u00e4 tietyist\u00e4 k\u00e4yt\u00e4nn\u00f6ist\u00e4. https:\/\/trucchithesims.com\/:n tietosuojak\u00e4yt\u00e4nt\u00f6 ei koske, emmek\u00e4 voi valvoa t\u00e4llaisten muiden mainostajien tai verkkosivustojen toimintaa.<\/p>\n\n\n\n<p>Jos haluat poistaa ev\u00e4steet k\u00e4yt\u00f6st\u00e4, voit tehd\u00e4 sen selaimen asetuksista. Yksityiskohtaisempia tietoja ev\u00e4steiden hallinnasta tietyill\u00e4 selaimilla l\u00f6ytyy kunkin selaimen verkkosivuilta.<\/p>","protected":false},"excerpt":{"rendered":"<p>Tietosuojak\u00e4yt\u00e4nt\u00f6 Kunnioitamme yksityisyytt\u00e4si osoitteessa https:\/\/trucchithesims.com\/. Jotta ymm\u00e4rt\u00e4isit paremmin, miten k\u00e4sittelemme henkil\u00f6tietoja, olemme luoneet t\u00e4m\u00e4n sivun ja tehneet siit\u00e4 helposti saatavilla olevan koko sivustolla. Seuraavissa kappaleissa selitet\u00e4\u00e4n, miten k\u00e4sittelemme henkil\u00f6tietoja. Mit\u00e4 tietoja tallennetaan? Ainoa asia, jonka The Sims Cheats tallentaa, on tiedot, jotka ... <a title=\"luottamuksellisuuspolitiikka\" class=\"read-more\" href=\"https:\/\/trucchithesims.com\/fi\/yksityisyyden-suojaa-koskeva-politiikka\/\" aria-label=\"Lis\u00e4\u00e4 politica sulla riservatezza\">Lue lis\u00e4\u00e4<\/a><\/p>","protected":false},"author":3,"featured_media":0,"parent":0,"menu_order":0,"comment_status":"closed","ping_status":"closed","template":"","meta":{"footnotes":""},"class_list":["post-38","page","type-page","status-publish"],"_links":{"self":[{"href":"https:\/\/trucchithesims.com\/fi\/wp-json\/wp\/v2\/pages\/38","targetHints":{"allow":["GET"]}}],"collection":[{"href":"https:\/\/trucchithesims.com\/fi\/wp-json\/wp\/v2\/pages"}],"about":[{"href":"https:\/\/trucchithesims.com\/fi\/wp-json\/wp\/v2\/types\/page"}],"author":[{"embeddable":true,"href":"https:\/\/trucchithesims.com\/fi\/wp-json\/wp\/v2\/users\/3"}],"replies":[{"embeddable":true,"href":"https:\/\/trucchithesims.com\/fi\/wp-json\/wp\/v2\/comments?post=38"}],"version-history":[{"count":0,"href":"https:\/\/trucchithesims.com\/fi\/wp-json\/wp\/v2\/pages\/38\/revisions"}],"wp:attachment":[{"href":"https:\/\/trucchithesims.com\/fi\/wp-json\/wp\/v2\/media?parent=38"}],"curies":[{"name":"wp","href":"https:\/\/api.w.org\/{rel}","templated":true}]}}